{"id":176,"date":"2009-11-20T00:16:26","date_gmt":"2009-11-19T23:16:26","guid":{"rendered":"http:\/\/teamup.at\/?page_id=176"},"modified":"2014-10-15T16:08:00","modified_gmt":"2014-10-15T15:08:00","slug":"netzwerk","status":"publish","type":"page","link":"https:\/\/teamup.at\/?page_id=176","title":{"rendered":"Teamentwicklung"},"content":{"rendered":"<p style=\"text-align: justify;\">Auf Basis der Teamdiagnose arbeiten Teamleiter und -mitglieder an Zielen, Beziehungen und Strukturen und kehren mit konkreten Ergebnissen in den Arbeitsalltag zur\u00fcck.<\/p>\n<p style=\"text-align: justify;\">Durch die gemeinsame Arbeit AM Team ist die Umsetzungswahrscheinlichkeit und Verbindlichkeit bedeutend h\u00f6her als bei herk\u00f6mmlichen Teams. In der Teamentwicklung werden Unternehmens-, Team- und individuelle Ziele der Teammitglieder ber\u00fccksichtigt und zielgerichtet miteinander verkn\u00fcpft.<\/p>\n","protected":false},"excerpt":{"rendered":"<p>Auf Basis der Teamdiagnose arbeiten Teamleiter und -mitglieder an Zielen, Beziehungen und Strukturen und kehren mit konkreten Ergebnissen in den Arbeitsalltag zur\u00fcck. Durch die gemeinsame Arbeit AM Team ist die Umsetzungswahrscheinlichkeit und Verbindlichkeit bedeutend h\u00f6her als bei herk\u00f6mmlichen Teams. In der Teamentwicklung werden Unternehmens-, Team- und individuelle Ziele der Teammitglieder ber\u00fccksichtigt und zielgerichtet miteinander verkn\u00fcpft.<\/p>\n","protected":false},"author":1,"featured_media":0,"parent":0,"menu_order":0,"comment_status":"closed","ping_status":"closed","template":"","meta":[],"_links":{"self":[{"href":"https:\/\/teamup.at\/index.php?rest_route=\/wp\/v2\/pages\/176"}],"collection":[{"href":"https:\/\/teamup.at\/index.php?rest_route=\/wp\/v2\/pages"}],"about":[{"href":"https:\/\/teamup.at\/index.php?rest_route=\/wp\/v2\/types\/page"}],"author":[{"embeddable":true,"href":"https:\/\/teamup.at\/index.php?rest_route=\/wp\/v2\/users\/1"}],"replies":[{"embeddable":true,"href":"https:\/\/teamup.at\/index.php?rest_route=%2Fwp%2Fv2%2Fcomments&post=176"}],"version-history":[{"count":6,"href":"https:\/\/teamup.at\/index.php?rest_route=\/wp\/v2\/pages\/176\/revisions"}],"predecessor-version":[{"id":487,"href":"https:\/\/teamup.at\/index.php?rest_route=\/wp\/v2\/pages\/176\/revisions\/487"}],"wp:attachment":[{"href":"https:\/\/teamup.at\/index.php?rest_route=%2Fwp%2Fv2%2Fmedia&parent=176"}],"curies":[{"name":"wp","href":"https:\/\/api.w.org\/{rel}","templated":true}]}}