{"id":113,"date":"2009-11-19T17:18:23","date_gmt":"2009-11-19T16:18:23","guid":{"rendered":"http:\/\/teamup.at\/?page_id=113"},"modified":"2012-11-11T23:02:13","modified_gmt":"2012-11-11T22:02:13","slug":"sigrid-trebo","status":"publish","type":"page","link":"https:\/\/teamup.at\/?page_id=113","title":{"rendered":"Sigrid Trebo"},"content":{"rendered":"<p style=\"text-align: center;\"><img loading=\"lazy\" class=\"aligncenter size-full wp-image-105\" title=\"sigrid\" src=\"https:\/\/teamup.at\/wp-content\/uploads\/sigrid.png\" alt=\"sigrid\" width=\"103\" height=\"141\" \/><\/p>\n<p style=\"text-align: center;\"><strong><span style=\"color: #003399;\">&#8222;Menschen, die sich die Freiheit des Denkens nehmen, sind zwar nicht bequem, aber durch nichts zu ersetzen.&#8220;<\/span><\/strong><\/p>\n<p><strong>Sigrid Trebo<\/strong><br \/>\nSelbst\u00e4ndige Unternehmensberaterin (<a href=\"http:\/\/www.trebo.at\" target=\"_blank\">www.trebo.at<\/a>) und Trainerin. Spezialistin f\u00fcr KVP &amp; Ideenmanagement, Organisationsentwicklung, F\u00fchrungskr\u00e4ftetraining sowie Team- &amp; Einzelcoaching.<\/p>\n<ul>\n<li>NLP-Trainerausbildung<\/li>\n<li>Fach- &amp; Verhaltenstrainerin<\/li>\n<li>Team- &amp; Organisationsentwicklung<\/li>\n<li>Systemische Supervision<\/li>\n<\/ul>\n","protected":false},"excerpt":{"rendered":"<p>&#8222;Menschen, die sich die Freiheit des Denkens nehmen, sind zwar nicht bequem, aber durch nichts zu ersetzen.&#8220; Sigrid Trebo Selbst\u00e4ndige Unternehmensberaterin (www.trebo.at) und Trainerin. Spezialistin f\u00fcr KVP &amp; Ideenmanagement, Organisationsentwicklung, F\u00fchrungskr\u00e4ftetraining sowie Team- &amp; Einzelcoaching. NLP-Trainerausbildung Fach- &amp; Verhaltenstrainerin Team- &amp; Organisationsentwicklung Systemische Supervision<\/p>\n","protected":false},"author":1,"featured_media":0,"parent":74,"menu_order":4,"comment_status":"closed","ping_status":"closed","template":"","meta":[],"_links":{"self":[{"href":"https:\/\/teamup.at\/index.php?rest_route=\/wp\/v2\/pages\/113"}],"collection":[{"href":"https:\/\/teamup.at\/index.php?rest_route=\/wp\/v2\/pages"}],"about":[{"href":"https:\/\/teamup.at\/index.php?rest_route=\/wp\/v2\/types\/page"}],"author":[{"embeddable":true,"href":"https:\/\/teamup.at\/index.php?rest_route=\/wp\/v2\/users\/1"}],"replies":[{"embeddable":true,"href":"https:\/\/teamup.at\/index.php?rest_route=%2Fwp%2Fv2%2Fcomments&post=113"}],"version-history":[{"count":11,"href":"https:\/\/teamup.at\/index.php?rest_route=\/wp\/v2\/pages\/113\/revisions"}],"predecessor-version":[{"id":141,"href":"https:\/\/teamup.at\/index.php?rest_route=\/wp\/v2\/pages\/113\/revisions\/141"}],"up":[{"embeddable":true,"href":"https:\/\/teamup.at\/index.php?rest_route=\/wp\/v2\/pages\/74"}],"wp:attachment":[{"href":"https:\/\/teamup.at\/index.php?rest_route=%2Fwp%2Fv2%2Fmedia&parent=113"}],"curies":[{"name":"wp","href":"https:\/\/api.w.org\/{rel}","templated":true}]}}